{"id":37,"date":"2025-06-08T15:36:04","date_gmt":"2025-06-08T13:36:04","guid":{"rendered":"http:\/\/snapmoment.de\/home\/"},"modified":"2026-02-25T17:07:24","modified_gmt":"2026-02-25T16:07:24","slug":"home","status":"publish","type":"page","link":"https:\/\/snapmoment.de\/","title":{"rendered":"Home"},"content":{"rendered":"\t\t<div data-elementor-type=\"wp-page\" data-elementor-id=\"37\" class=\"elementor elementor-37\" data-elementor-post-type=\"page\">\n\t\t\t\t<div class=\"elementor-element elementor-element-d5cfde3 e-flex e-con-boxed e-con e-parent\" data-id=\"d5cfde3\" data-element_type=\"container\" data-e-type=\"container\" data-settings=\"{&quot;background_background&quot;:&quot;classic&quot;}\">\n\t\t\t\t\t<div class=\"e-con-inner\">\n\t\t\t\t<div class=\"elementor-element elementor-element-3ecd55be elementor-invisible elementor-widget elementor-widget-heading\" data-id=\"3ecd55be\" data-element_type=\"widget\" data-e-type=\"widget\" data-settings=\"{&quot;_animation&quot;:&quot;fadeIn&quot;}\" data-widget_type=\"heading.default\">\n\t\t\t\t<div class=\"elementor-widget-container\">\n\t\t\t\t\t<h3 class=\"elementor-heading-title elementor-size-default\">Gemeinsame Erinnerungen an einem sicheren Ort teilen!<\/h3>\t\t\t\t<\/div>\n\t\t\t\t<\/div>\n\t\t\t\t<div class=\"elementor-element elementor-element-32b3f1bc elementor-invisible elementor-widget elementor-widget-heading\" data-id=\"32b3f1bc\" data-element_type=\"widget\" data-e-type=\"widget\" data-settings=\"{&quot;_animation&quot;:&quot;fadeIn&quot;}\" data-widget_type=\"heading.default\">\n\t\t\t\t<div class=\"elementor-widget-container\">\n\t\t\t\t\t<h5 class=\"elementor-heading-title elementor-size-default\">Eure sch\u00f6nsten Momente. Sofort gesammelt.<\/h5>\t\t\t\t<\/div>\n\t\t\t\t<\/div>\n\t\t\t\t<div class=\"elementor-element elementor-element-febe5b3 elementor-widget elementor-widget-image\" data-id=\"febe5b3\" data-element_type=\"widget\" data-e-type=\"widget\" data-widget_type=\"image.default\">\n\t\t\t\t<div class=\"elementor-widget-container\">\n\t\t\t\t\t\t\t\t\t\t\t\t\t\t\t<img fetchpriority=\"high\" decoding=\"async\" width=\"1920\" height=\"1213\" src=\"https:\/\/snapmoment.de\/wp-content\/uploads\/2025\/06\/IMG_7939-scaled-e1749392860458.jpg\" class=\"attachment-full size-full wp-image-64\" alt=\"\" srcset=\"https:\/\/snapmoment.de\/wp-content\/uploads\/2025\/06\/IMG_7939-scaled-e1749392860458.jpg 1920w, https:\/\/snapmoment.de\/wp-content\/uploads\/2025\/06\/IMG_7939-scaled-e1749392860458-300x190.jpg 300w, https:\/\/snapmoment.de\/wp-content\/uploads\/2025\/06\/IMG_7939-scaled-e1749392860458-1024x647.jpg 1024w, https:\/\/snapmoment.de\/wp-content\/uploads\/2025\/06\/IMG_7939-scaled-e1749392860458-768x485.jpg 768w, https:\/\/snapmoment.de\/wp-content\/uploads\/2025\/06\/IMG_7939-scaled-e1749392860458-1536x970.jpg 1536w\" sizes=\"(max-width: 1920px) 100vw, 1920px\" \/>\t\t\t\t\t\t\t\t\t\t\t\t\t\t\t<\/div>\n\t\t\t\t<\/div>\n\t\t\t\t<div class=\"elementor-element elementor-element-2a921c06 elementor-align-center elementor-invisible elementor-widget elementor-widget-button\" data-id=\"2a921c06\" data-element_type=\"widget\" data-e-type=\"widget\" data-settings=\"{&quot;_animation&quot;:&quot;fadeIn&quot;,&quot;_animation_delay&quot;:400}\" data-widget_type=\"button.default\">\n\t\t\t\t<div class=\"elementor-widget-container\">\n\t\t\t\t\t\t\t\t\t<div class=\"elementor-button-wrapper\">\n\t\t\t\t\t<a class=\"elementor-button elementor-button-link elementor-size-sm\" href=\"https:\/\/snapmoment.de\/?page_id=180\">\n\t\t\t\t\t\t<span class=\"elementor-button-content-wrapper\">\n\t\t\t\t\t\t\t\t\t<span class=\"elementor-button-text\">Ab 59\u20ac<\/span>\n\t\t\t\t\t<\/span>\n\t\t\t\t\t<\/a>\n\t\t\t\t<\/div>\n\t\t\t\t\t\t\t\t<\/div>\n\t\t\t\t<\/div>\n\t\t\t\t\t<\/div>\n\t\t\t\t<\/div>\n\t\t<div class=\"elementor-element elementor-element-76b52626 e-flex e-con-boxed e-con e-parent\" data-id=\"76b52626\" data-element_type=\"container\" data-e-type=\"container\">\n\t\t\t\t\t<div class=\"e-con-inner\">\n\t\t\t\t<div class=\"elementor-element elementor-element-69711c4 elementor-widget elementor-widget-menu-anchor\" data-id=\"69711c4\" data-element_type=\"widget\" data-e-type=\"widget\" data-widget_type=\"menu-anchor.default\">\n\t\t\t\t<div class=\"elementor-widget-container\">\n\t\t\t\t\t\t\t<div class=\"elementor-menu-anchor\" id=\"funktion\"><\/div>\n\t\t\t\t\t\t<\/div>\n\t\t\t\t<\/div>\n\t\t\t\t<div class=\"elementor-element elementor-element-30e5297 elementor-widget elementor-widget-heading\" data-id=\"30e5297\" data-element_type=\"widget\" data-e-type=\"widget\" data-widget_type=\"heading.default\">\n\t\t\t\t<div class=\"elementor-widget-container\">\n\t\t\t\t\t<h2 class=\"elementor-heading-title elementor-size-default\">So funktioniert es:<\/h2>\t\t\t\t<\/div>\n\t\t\t\t<\/div>\n\t\t\t\t<div class=\"elementor-element elementor-element-ccbb979 elementor-widget elementor-widget-heading\" data-id=\"ccbb979\" data-element_type=\"widget\" data-e-type=\"widget\" data-widget_type=\"heading.default\">\n\t\t\t\t<div class=\"elementor-widget-container\">\n\t\t\t\t\t<h5 class=\"elementor-heading-title elementor-size-default\">Ganz einfach in drei Schritten<\/h5>\t\t\t\t<\/div>\n\t\t\t\t<\/div>\n\t\t<div class=\"elementor-element elementor-element-b2d7dbe e-con-full e-flex e-con e-child\" data-id=\"b2d7dbe\" data-element_type=\"container\" data-e-type=\"container\">\n\t\t\t\t<div class=\"elementor-element elementor-element-43ed2439 elementor-widget-tablet__width-initial elementor-widget-mobile__width-inherit elementor-widget__width-initial elementor-position-top elementor-widget elementor-widget-image-box\" data-id=\"43ed2439\" data-element_type=\"widget\" data-e-type=\"widget\" data-widget_type=\"image-box.default\">\n\t\t\t\t<div class=\"elementor-widget-container\">\n\t\t\t\t\t<div class=\"elementor-image-box-wrapper\"><figure class=\"elementor-image-box-img\"><img decoding=\"async\" width=\"1920\" height=\"1213\" src=\"https:\/\/snapmoment.de\/wp-content\/uploads\/2025\/06\/IMG_7939-scaled-e1749392860458.jpg\" class=\"elementor-animation-grow attachment-full size-full wp-image-64\" alt=\"\" srcset=\"https:\/\/snapmoment.de\/wp-content\/uploads\/2025\/06\/IMG_7939-scaled-e1749392860458.jpg 1920w, https:\/\/snapmoment.de\/wp-content\/uploads\/2025\/06\/IMG_7939-scaled-e1749392860458-300x190.jpg 300w, https:\/\/snapmoment.de\/wp-content\/uploads\/2025\/06\/IMG_7939-scaled-e1749392860458-1024x647.jpg 1024w, https:\/\/snapmoment.de\/wp-content\/uploads\/2025\/06\/IMG_7939-scaled-e1749392860458-768x485.jpg 768w, https:\/\/snapmoment.de\/wp-content\/uploads\/2025\/06\/IMG_7939-scaled-e1749392860458-1536x970.jpg 1536w\" sizes=\"(max-width: 1920px) 100vw, 1920px\" \/><\/figure><div class=\"elementor-image-box-content\"><h4 class=\"elementor-image-box-title\">QR-Code Karte<\/h4><p class=\"elementor-image-box-description\">Nach Buchung erh\u00e4ltst du die QR-Code Karte, welche du auf deiner Feier auf den Tischen oder an der Bar ausslegst.<\/p><\/div><\/div>\t\t\t\t<\/div>\n\t\t\t\t<\/div>\n\t\t\t\t<div class=\"elementor-element elementor-element-3afe9b04 elementor-widget-tablet__width-initial elementor-widget-mobile__width-inherit elementor-widget__width-initial elementor-position-top elementor-widget elementor-widget-image-box\" data-id=\"3afe9b04\" data-element_type=\"widget\" data-e-type=\"widget\" data-widget_type=\"image-box.default\">\n\t\t\t\t<div class=\"elementor-widget-container\">\n\t\t\t\t\t<div class=\"elementor-image-box-wrapper\"><figure class=\"elementor-image-box-img\"><img decoding=\"async\" width=\"2560\" height=\"1707\" src=\"https:\/\/snapmoment.de\/wp-content\/uploads\/2025\/06\/close-up-hands-holding-smartphone-scaled.jpg\" class=\"elementor-animation-grow attachment-full size-full wp-image-164\" alt=\"\" srcset=\"https:\/\/snapmoment.de\/wp-content\/uploads\/2025\/06\/close-up-hands-holding-smartphone-scaled.jpg 2560w, https:\/\/snapmoment.de\/wp-content\/uploads\/2025\/06\/close-up-hands-holding-smartphone-300x200.jpg 300w, https:\/\/snapmoment.de\/wp-content\/uploads\/2025\/06\/close-up-hands-holding-smartphone-1024x683.jpg 1024w, https:\/\/snapmoment.de\/wp-content\/uploads\/2025\/06\/close-up-hands-holding-smartphone-768x512.jpg 768w, https:\/\/snapmoment.de\/wp-content\/uploads\/2025\/06\/close-up-hands-holding-smartphone-1536x1024.jpg 1536w, https:\/\/snapmoment.de\/wp-content\/uploads\/2025\/06\/close-up-hands-holding-smartphone-2048x1365.jpg 2048w\" sizes=\"(max-width: 2560px) 100vw, 2560px\" \/><\/figure><div class=\"elementor-image-box-content\"><h4 class=\"elementor-image-box-title\">QR-Code Scannen<\/h4><p class=\"elementor-image-box-description\">Die G\u00e4ste scannen den QR-Code. Kein zus\u00e4tzlicher App-Download notwendig!<\/p><\/div><\/div>\t\t\t\t<\/div>\n\t\t\t\t<\/div>\n\t\t\t\t<div class=\"elementor-element elementor-element-4013ea92 elementor-widget-tablet__width-initial elementor-widget-mobile__width-inherit elementor-widget__width-initial elementor-position-top elementor-widget elementor-widget-image-box\" data-id=\"4013ea92\" data-element_type=\"widget\" data-e-type=\"widget\" data-widget_type=\"image-box.default\">\n\t\t\t\t<div class=\"elementor-widget-container\">\n\t\t\t\t\t<div class=\"elementor-image-box-wrapper\"><figure class=\"elementor-image-box-img\"><img loading=\"lazy\" decoding=\"async\" width=\"300\" height=\"300\" src=\"https:\/\/snapmoment.de\/wp-content\/uploads\/2025\/06\/9cf66a79-a02c-40a5-a4e0-c499656b1d73-300x300.jpg\" class=\"elementor-animation-grow attachment-medium size-medium wp-image-166\" alt=\"\" srcset=\"https:\/\/snapmoment.de\/wp-content\/uploads\/2025\/06\/9cf66a79-a02c-40a5-a4e0-c499656b1d73-300x300.jpg 300w, https:\/\/snapmoment.de\/wp-content\/uploads\/2025\/06\/9cf66a79-a02c-40a5-a4e0-c499656b1d73-1024x1024.jpg 1024w, https:\/\/snapmoment.de\/wp-content\/uploads\/2025\/06\/9cf66a79-a02c-40a5-a4e0-c499656b1d73-150x150.jpg 150w, https:\/\/snapmoment.de\/wp-content\/uploads\/2025\/06\/9cf66a79-a02c-40a5-a4e0-c499656b1d73-768x768.jpg 768w, https:\/\/snapmoment.de\/wp-content\/uploads\/2025\/06\/9cf66a79-a02c-40a5-a4e0-c499656b1d73-1536x1536.jpg 1536w, https:\/\/snapmoment.de\/wp-content\/uploads\/2025\/06\/9cf66a79-a02c-40a5-a4e0-c499656b1d73-2048x2048.jpg 2048w\" sizes=\"(max-width: 300px) 100vw, 300px\" \/><\/figure><div class=\"elementor-image-box-content\"><h4 class=\"elementor-image-box-title\">Fotos hochladen<\/h4><p class=\"elementor-image-box-description\">Anschlie\u00dfend k\u00f6nnen die G\u00e4ste ihre Bilder und Videos direkt in die Galerie hochladen. <\/p><\/div><\/div>\t\t\t\t<\/div>\n\t\t\t\t<\/div>\n\t\t\t\t<div class=\"elementor-element elementor-element-580d492f elementor-widget-tablet__width-initial elementor-widget-mobile__width-inherit elementor-widget__width-initial elementor-position-top elementor-widget elementor-widget-image-box\" data-id=\"580d492f\" data-element_type=\"widget\" data-e-type=\"widget\" data-widget_type=\"image-box.default\">\n\t\t\t\t<div class=\"elementor-widget-container\">\n\t\t\t\t\t<div class=\"elementor-image-box-wrapper\"><figure class=\"elementor-image-box-img\"><img loading=\"lazy\" decoding=\"async\" width=\"1536\" height=\"1024\" src=\"https:\/\/snapmoment.de\/wp-content\/uploads\/2025\/06\/ChatGPT-Image-8.-Juni-2025-16_08_34.png\" class=\"elementor-animation-grow attachment-full size-full wp-image-63\" alt=\"\" srcset=\"https:\/\/snapmoment.de\/wp-content\/uploads\/2025\/06\/ChatGPT-Image-8.-Juni-2025-16_08_34.png 1536w, https:\/\/snapmoment.de\/wp-content\/uploads\/2025\/06\/ChatGPT-Image-8.-Juni-2025-16_08_34-300x200.png 300w, https:\/\/snapmoment.de\/wp-content\/uploads\/2025\/06\/ChatGPT-Image-8.-Juni-2025-16_08_34-1024x683.png 1024w, https:\/\/snapmoment.de\/wp-content\/uploads\/2025\/06\/ChatGPT-Image-8.-Juni-2025-16_08_34-768x512.png 768w\" sizes=\"(max-width: 1536px) 100vw, 1536px\" \/><\/figure><div class=\"elementor-image-box-content\"><h4 class=\"elementor-image-box-title\">Galerie genie\u00dfen<\/h4><p class=\"elementor-image-box-description\">Somit sind bereits alle Bilder und Erinnerungen an einem sicheren Ort, ohne l\u00e4stiges nachfragen am n\u00e4chsten Tag, wer noch Bilder oder Videos gemacht hat. <\/p><\/div><\/div>\t\t\t\t<\/div>\n\t\t\t\t<\/div>\n\t\t\t\t<\/div>\n\t\t\t\t\t<\/div>\n\t\t\t\t<\/div>\n\t\t<div class=\"elementor-element elementor-element-4c3cac6b e-flex e-con-boxed e-con e-parent\" data-id=\"4c3cac6b\" data-element_type=\"container\" data-e-type=\"container\">\n\t\t\t\t\t<div class=\"e-con-inner\">\n\t\t<div class=\"elementor-element elementor-element-34530233 e-con-full e-flex e-con e-child\" data-id=\"34530233\" data-element_type=\"container\" data-e-type=\"container\" data-settings=\"{&quot;background_background&quot;:&quot;classic&quot;}\">\n\t\t\t\t<\/div>\n\t\t\t\t<div class=\"elementor-element elementor-element-1ab4207 elementor-widget elementor-widget-menu-anchor\" data-id=\"1ab4207\" data-element_type=\"widget\" data-e-type=\"widget\" data-widget_type=\"menu-anchor.default\">\n\t\t\t\t<div class=\"elementor-widget-container\">\n\t\t\t\t\t\t\t<div class=\"elementor-menu-anchor\" id=\"uebermich\"><\/div>\n\t\t\t\t\t\t<\/div>\n\t\t\t\t<\/div>\n\t\t<div class=\"elementor-element elementor-element-38737bf9 e-con-full e-flex e-con e-child\" data-id=\"38737bf9\" data-element_type=\"container\" data-e-type=\"container\">\n\t\t\t\t<div class=\"elementor-element elementor-element-4fa4a666 elementor-widget elementor-widget-heading\" data-id=\"4fa4a666\" data-element_type=\"widget\" data-e-type=\"widget\" data-widget_type=\"heading.default\">\n\t\t\t\t<div class=\"elementor-widget-container\">\n\t\t\t\t\t<h2 class=\"elementor-heading-title elementor-size-default\">\u00dcber mich<\/h2>\t\t\t\t<\/div>\n\t\t\t\t<\/div>\n\t\t\t\t<div class=\"elementor-element elementor-element-3e691c69 elementor-widget elementor-widget-text-editor\" data-id=\"3e691c69\" data-element_type=\"widget\" data-e-type=\"widget\" data-widget_type=\"text-editor.default\">\n\t\t\t\t<div class=\"elementor-widget-container\">\n\t\t\t\t\t\t\t\t\t<p data-start=\"244\" data-end=\"453\">Hallo!<br data-start=\"250\" data-end=\"253\" \/>Ich bin Henning, und ich wei\u00df aus eigener Erfahrung, wie viele sch\u00f6ne Fotos bei Feiern gemacht werden \u2013 und wie viele davon am Ende verloren gehen, weil sie irgendwo auf Handys verstreut sind.<\/p><p data-start=\"455\" data-end=\"706\">Nach einem gro\u00dfen Familienfest habe ich gemerkt, wie m\u00fchsam es ist, im Nachhinein allen G\u00e4sten hinterherzuschreiben:<br data-start=\"660\" data-end=\"663\" \/><em data-start=\"663\" data-end=\"706\">\u201eKannst du mir die Bilder noch schicken?\u201c<\/em><\/p><p data-start=\"708\" data-end=\"898\">Aus dieser Idee ist die <strong data-start=\"732\" data-end=\"751\">QR-Code-Galerie<\/strong> entstanden:<br data-start=\"763\" data-end=\"766\" \/>Einfach, schnell, f\u00fcr alle zug\u00e4nglich \u2013 und eine sch\u00f6ne M\u00f6glichkeit, wie Gastgeber und G\u00e4ste gemeinsam Erinnerungen schaffen k\u00f6nnen.<\/p><p data-start=\"900\" data-end=\"1064\">Ich freue mich, wenn auch eure Feier davon profitiert.<br data-start=\"954\" data-end=\"957\" \/>Denn Bilder sagen mehr als tausend Worte \u2013 vor allem, wenn man sie <strong data-start=\"1024\" data-end=\"1064\">nicht erst ewig zusammensuchen muss.<\/strong><\/p><p data-start=\"1066\" data-end=\"1099\">Herzliche Gr\u00fc\u00dfe<\/p><p data-start=\"1066\" data-end=\"1099\">Henning\u00a0<\/p>\t\t\t\t\t\t\t\t<\/div>\n\t\t\t\t<\/div>\n\t\t\t\t<\/div>\n\t\t\t\t\t<\/div>\n\t\t\t\t<\/div>\n\t\t\t\t<\/div>\n\t\t","protected":false},"excerpt":{"rendered":"<p>Gemeinsame Erinnerungen an einem sicheren Ort teilen! Eure sch\u00f6nsten Momente. Sofort gesammelt. Ab 59\u20ac So funktioniert es: Ganz einfach in drei Schritten QR-Code Karte Nach Buchung erh\u00e4ltst du die QR-Code Karte, welche du auf deiner Feier auf den Tischen oder an der Bar ausslegst. QR-Code Scannen Die G\u00e4ste scannen den QR-Code. Kein zus\u00e4tzlicher App-Download notwendig! [&hellip;]<\/p>\n","protected":false},"author":1,"featured_media":69,"parent":0,"menu_order":0,"comment_status":"closed","ping_status":"closed","template":"elementor_header_footer","meta":{"footnotes":""},"class_list":["post-37","page","type-page","status-publish","has-post-thumbnail","hentry"],"_links":{"self":[{"href":"https:\/\/snapmoment.de\/index.php?rest_route=\/wp\/v2\/pages\/37","targetHints":{"allow":["GET"]}}],"collection":[{"href":"https:\/\/snapmoment.de\/index.php?rest_route=\/wp\/v2\/pages"}],"about":[{"href":"https:\/\/snapmoment.de\/index.php?rest_route=\/wp\/v2\/types\/page"}],"author":[{"embeddable":true,"href":"https:\/\/snapmoment.de\/index.php?rest_route=\/wp\/v2\/users\/1"}],"replies":[{"embeddable":true,"href":"https:\/\/snapmoment.de\/index.php?rest_route=%2Fwp%2Fv2%2Fcomments&post=37"}],"version-history":[{"count":52,"href":"https:\/\/snapmoment.de\/index.php?rest_route=\/wp\/v2\/pages\/37\/revisions"}],"predecessor-version":[{"id":245,"href":"https:\/\/snapmoment.de\/index.php?rest_route=\/wp\/v2\/pages\/37\/revisions\/245"}],"wp:featuredmedia":[{"embeddable":true,"href":"https:\/\/snapmoment.de\/index.php?rest_route=\/wp\/v2\/media\/69"}],"wp:attachment":[{"href":"https:\/\/snapmoment.de\/index.php?rest_route=%2Fwp%2Fv2%2Fmedia&parent=37"}],"curies":[{"name":"wp","href":"https:\/\/api.w.org\/{rel}","templated":true}]}}